{"id":92264,"date":"2018-03-28T12:21:31","date_gmt":"2018-03-28T09:21:31","guid":{"rendered":"https:\/\/www.proscon.com.tr\/?page_id=92264"},"modified":"2023-07-17T23:06:01","modified_gmt":"2023-07-17T20:06:01","slug":"safety-culture-measurement-and-improvement-studies","status":"publish","type":"page","link":"https:\/\/www.proscon.com.tr\/en\/safety-culture-measurement-and-improvement-studies\/","title":{"rendered":"Safety Culture Measurement and Improvement Studies"},"content":{"rendered":"<div class=\"wpb-content-wrapper\"><p>[vc_row row_height_percent=&#8221;53&#8243; back_image=&#8221;88304&#8243; overlay_alpha=&#8221;50&#8243; gutter_size=&#8221;3&#8243; column_width_percent=&#8221;100&#8243; shift_y=&#8221;0&#8243; z_index=&#8221;0&#8243; enable_bottom_divider=&#8221;default&#8221; bottom_divider=&#8221;gradient&#8221; shape_bottom_h_use_pixel=&#8221;&#8221; shape_bottom_height=&#8221;50&#8243; shape_bottom_opacity=&#8221;100&#8243; shape_bottom_index=&#8221;0&#8243; uncode_shortcode_id=&#8221;144339&#8243;][vc_column column_width_percent=&#8221;100&#8243; position_vertical=&#8221;middle&#8221; align_horizontal=&#8221;align_center&#8221; gutter_size=&#8221;3&#8243; overlay_alpha=&#8221;50&#8243; shift_x=&#8221;0&#8243; shift_y=&#8221;0&#8243; shift_y_down=&#8221;0&#8243; z_index=&#8221;0&#8243; medium_width=&#8221;0&#8243; mobile_width=&#8221;0&#8243; width=&#8221;1\/1&#8243; uncode_shortcode_id=&#8221;101726&#8243;][vc_custom_heading text_color=&#8221;color-prif&#8221; separator=&#8221;yes&#8221; separator_color=&#8221;yes&#8221; css_animation=&#8221;alpha-anim&#8221; animation_delay=&#8221;200&#8243; uncode_shortcode_id=&#8221;120028&#8243; text_color_type=&#8221;uncode-palette&#8221;]Safety Culture Measurement and Improvement Studies[\/vc_custom_heading][\/vc_column][\/vc_row][vc_row row_height_percent=&#8221;2&#8243; back_color=&#8221;color-165174&#8243; overlay_alpha=&#8221;10&#8243; gutter_size=&#8221;3&#8243; column_width_percent=&#8221;100&#8243; shift_y=&#8221;0&#8243; z_index=&#8221;0&#8243;][vc_column column_width_percent=&#8221;100&#8243; position_vertical=&#8221;middle&#8221; gutter_size=&#8221;3&#8243; overlay_alpha=&#8221;50&#8243; shift_x=&#8221;0&#8243; shift_y=&#8221;0&#8243; shift_y_down=&#8221;0&#8243; z_index=&#8221;0&#8243; medium_width=&#8221;0&#8243; mobile_width=&#8221;0&#8243; width=&#8221;1\/2&#8243;][vc_custom_heading text_color=&#8221;color-xsdn&#8221; text_weight=&#8221;600&#8243; css_animation=&#8221;left-t-right&#8221; animation_speed=&#8221;1000&#8243; animation_delay=&#8221;100&#8243;]<\/p>\n<h1><span style=\"color: #ffffff;\">Safety Culture Measurement and Improvement Studies<\/span><\/h1>\n<p>[\/vc_custom_heading][\/vc_column][vc_column column_width_percent=&#8221;100&#8243; position_vertical=&#8221;middle&#8221; align_horizontal=&#8221;align_center&#8221; gutter_size=&#8221;3&#8243; style=&#8221;dark&#8221; overlay_alpha=&#8221;50&#8243; shift_x=&#8221;0&#8243; shift_y=&#8221;0&#8243; shift_y_down=&#8221;0&#8243; z_index=&#8221;0&#8243; medium_width=&#8221;0&#8243; mobile_width=&#8221;0&#8243; width=&#8221;1\/2&#8243;][vc_custom_heading text_color=&#8221;color-xsdn&#8221; text_size=&#8221;h6&#8243; text_weight=&#8221;400&#8243; text_space=&#8221;fontspace-210350&#8243; text_italic=&#8221;yes&#8221; css_animation=&#8221;right-t-left&#8221; animation_speed=&#8221;1000&#8243; animation_delay=&#8221;100&#8243;]Security culture is the most important security indicator that shows the speed of an enterprise&#8217;s foresight, correct evaluation and correct decision. With the effective measurement of the safety culture, a managerial roadmap can be created by determining the strategic target suitable for the industry.[\/vc_custom_heading][\/vc_column][\/vc_row][vc_section][vc_row row_height_percent=&#8221;0&#8243; overlay_alpha=&#8221;50&#8243; gutter_size=&#8221;2&#8243; column_width_percent=&#8221;100&#8243; shift_y=&#8221;0&#8243; z_index=&#8221;0&#8243; uncode_shortcode_id=&#8221;209629&#8243; shape_dividers=&#8221;&#8221;][vc_column column_width_percent=&#8221;100&#8243; gutter_size=&#8221;1&#8243; overlay_alpha=&#8221;50&#8243; shift_x=&#8221;0&#8243; shift_y=&#8221;0&#8243; shift_y_down=&#8221;0&#8243; z_index=&#8221;0&#8243; medium_width=&#8221;0&#8243; mobile_width=&#8221;0&#8243; width=&#8221;2\/3&#8243;][vc_custom_heading text_weight=&#8221;600&#8243; uncode_shortcode_id=&#8221;511550&#8243;]<\/p>\n<h2>Safety Culture<\/h2>\n<p>[\/vc_custom_heading][vc_column_text]Effective <em><strong>safety culture<\/strong><\/em> studies implemented in the industry will bring human errors, uncontrolled interventions, and the possibilities of major accidents to acceptable levels. This will encourage the personnel to prioritize safety from a safety culture perspective and act with safety in mind. <strong><em>Safety culture<\/em><\/strong> studies not only enhance the effectiveness of safety management systems but also provide guidance in identifying and preventing human errors, which is one of the most crucial aspects of process safety.<\/p>\n<p>Factors that suppress safety culture include the lack of management&#8217;s adoption and ineffective implementation of <em>safety management systems.<\/em> The Safety Management System should be integrated with the organization&#8217;s existing management systems. This way, the efficiency of the management system can be improved and aligned with the company&#8217;s culture. Failure at this stage will hinder the development of the required safety culture in the organization and make process safety unsustainable.<br \/>\nCompanies should evaluate their safety culture periodically and improve their management systems accordingly. It should be remembered that without addressing human factors and conducting <strong>safety culture<\/strong> studies, the continuity of a management system is at risk.[\/vc_column_text][vc_empty_space empty_h=&#8221;1&#8243;][vc_single_image media=&#8221;79423&#8243; caption=&#8221;yes&#8221; media_width_percent=&#8221;100&#8243;][vc_single_image media=&#8221;79427&#8243; caption=&#8221;yes&#8221; media_width_percent=&#8221;100&#8243;][vc_empty_space empty_h=&#8221;1&#8243;][vc_custom_heading text_size=&#8221;h3&#8243; text_weight=&#8221;600&#8243;]<\/p>\n<h2>Harmonization Studies<\/h2>\n<p>[\/vc_custom_heading][vc_column_text uncode_shortcode_id=&#8221;372635&#8243;]Under the scope of the &#8220;Regulation on Prevention of Major Industrial Accidents and Reduction of Their Effects&#8221; in Turkey, various works in different topics are required for process safety in facilities. We conduct harmonization studies in the following topics to help you prepare your process safety works in compliance with the regulations:<\/p>\n<ul>\n<li><em><strong>Harmonization of Hazard Analysis<\/strong><\/em><\/li>\n<li><em><strong>Quantitative Risk Assessment Studies<\/strong><\/em><\/li>\n<li><em><strong>Harmonization of Safety Management System<\/strong><\/em><\/li>\n<li><em><strong>Harmonization of Maintenance Management System<\/strong><\/em><\/li>\n<li><em><strong>Risk-Based Inspection (RBI &#8211; API RP 581) studies<\/strong><\/em><\/li>\n<li><em><strong>Emergency planning and reporting<\/strong><\/em><\/li>\n<li><em><strong>Third party audits<\/strong><\/em><\/li>\n<li><em><strong>Safety Report control and reporting of deficiencies<\/strong><\/em><\/li>\n<\/ul>\n<p>Additionally, we provide support for external audits and harmonization works within the SQAS <strong>(Safety &amp; Quality Assessment System)<\/strong> for warehouse and storage facilities to ensure compliance with European standards. By integrating your management systems under the SQAS framework, both safety and process improvement can be achieved.[\/vc_column_text][vc_empty_space empty_h=&#8221;1&#8243;][vc_custom_heading text_size=&#8221;h3&#8243; text_weight=&#8221;600&#8243;]<\/p>\n<h2>Human Factors<\/h2>\n<p>[\/vc_custom_heading][vc_column_text uncode_shortcode_id=&#8221;485444&#8243;]The most significant factor influencing the frequency of major industrial accidents in <em><strong>safety management<\/strong><\/em> works is human errors. <a href=\"https:\/\/www.youtube.com\/watch?v=ghBmDaoCaGk\">Human errors<\/a> are identified as root causes in 60-80% of major accidents and catastrophic events. Controlling the situations where human errors are most commonly observed is crucial for managing the frequency of major industrial accidents. Change management and maintenance operations are among the activities most affected by human errors. In industrial facilities, the assessment of human factors plays a significant role in identifying hazards.[\/vc_column_text][\/vc_column][vc_column column_width_percent=&#8221;100&#8243; gutter_size=&#8221;2&#8243; back_image=&#8221;74486&#8243; back_position=&#8221;center center&#8221; parallax=&#8221;yes&#8221; overlay_color=&#8221;color-xsdn&#8221; overlay_alpha=&#8221;50&#8243; border_style=&#8221;solid&#8221; shift_x=&#8221;0&#8243; shift_y=&#8221;0&#8243; shift_y_down=&#8221;0&#8243; z_index=&#8221;0&#8243; medium_width=&#8221;0&#8243; mobile_width=&#8221;0&#8243; css_animation=&#8221;right-t-left&#8221; animation_speed=&#8221;1000&#8243; sticky=&#8221;yes&#8221; width=&#8221;1\/3&#8243; uncode_shortcode_id=&#8221;102172&#8243; overlay_color_type=&#8221;uncode-palette&#8221;][vc_icon position=&#8221;left&#8221; space_reduced=&#8221;yes&#8221; icon=&#8221;fa fa-industry&#8221; text_font=&#8221;font-156269&#8243; text_lead=&#8221;small&#8221; title=&#8221;Our Services&#8221; uncode_shortcode_id=&#8221;905526&#8243; icon_color_type=&#8221;uncode-solid&#8221; icon_color_solid=&#8221;#cc3333&#8243;][\/vc_icon][vc_progress_bar values=&#8221;%22%&#8221;][vc_widget_sidebar use_widget_style=&#8221;yes&#8221; sidebar_id=&#8221;sidebar-112841&#8243;][vc_empty_space empty_h=&#8221;2&#8243;][vc_icon position=&#8221;left&#8221; space_reduced=&#8221;yes&#8221; title_aligned_icon=&#8221;yes&#8221; icon=&#8221;fa fa-group&#8221; heading_semantic=&#8221;h4&#8243; text_font=&#8221;font-156269&#8243; title=&#8221;Our Trainings&#8221; uncode_shortcode_id=&#8221;143477&#8243; icon_color_type=&#8221;uncode-solid&#8221; icon_color_solid=&#8221;#cc3333&#8243;][\/vc_icon][vc_progress_bar values=&#8221;%22%&#8221;][uncode_index el_id=&#8221;index-119931&#8243; index_type=&#8221;carousel&#8221; loop=&#8221;size:All|order_by:date|post_type:page|by_id:87913,87715,87714,87713,87712,87711,87710,87708,87687,87682,87677,87672,87666,87660,87650,87640|taxonomy_count:10&#8243; carousel_lg=&#8221;1&#8243; carousel_md=&#8221;1&#8243; carousel_sm=&#8221;1&#8243; thumb_size=&#8221;sixteen-nine&#8221; gutter_size=&#8221;3&#8243; post_items=&#8221;media|featured|onpost|original,title&#8221; page_items=&#8221;title,media|featured|onpost|original&#8221; carousel_type=&#8221;fade&#8221; carousel_interval=&#8221;3000&#8243; carousel_navspeed=&#8221;200&#8243; carousel_loop=&#8221;yes&#8221; carousel_nav=&#8221;yes&#8221; stage_padding=&#8221;0&#8243; single_text=&#8221;overlay&#8221; single_shape=&#8221;round&#8221; radius=&#8221;std&#8221; single_overlay_color=&#8221;color-jevc&#8221; single_overlay_coloration=&#8221;bottom_gradient&#8221; single_overlay_opacity=&#8221;93&#8243; single_overlay_visible=&#8221;yes&#8221; single_overlay_anim=&#8221;no&#8221; single_text_visible=&#8221;yes&#8221; single_image_anim=&#8221;no&#8221; single_h_align=&#8221;center&#8221; single_v_position=&#8221;bottom&#8221; single_padding=&#8221;1&#8243; single_title_dimension=&#8221;h5&#8243; single_text_lead=&#8221;small&#8221; single_border=&#8221;yes&#8221; wpchatbot_bot_items=&#8221;title,type,media,text,category&#8221; uncode_shortcode_id=&#8221;410161&#8243;][vc_column_text text_lead=&#8221;small&#8221; text_color=&#8221;color-wayh&#8221; uncode_shortcode_id=&#8221;163413&#8243; text_color_type=&#8221;uncode-palette&#8221; css=&#8221;.vc_custom_1651931526780{padding-top: -10px !important;}&#8221;]<\/p>\n<p style=\"text-align: right;\"><a href=\"https:\/\/www.proscon.com.tr\/egitimler\/\">All Trainings &gt;&gt;<\/a><\/p>\n<p>[\/vc_column_text][vc_column_text][\/vc_column_text][vc_empty_space empty_h=&#8221;2&#8243;][vc_icon position=&#8221;left&#8221; space_reduced=&#8221;yes&#8221; icon=&#8221;fa fa-youtube-play&#8221; heading_semantic=&#8221;h4&#8243; text_font=&#8221;font-156269&#8243; linked_title=&#8221;yes&#8221; text_lead=&#8221;small&#8221; title=&#8221;YouTube&#8221; uncode_shortcode_id=&#8221;447817&#8243; icon_color_type=&#8221;uncode-solid&#8221; icon_color_solid=&#8221;#cc3333&#8243; link=&#8221;url:https%3A%2F%2Fwww.youtube.com%2Fchannel%2FUClRKYtlONHCc5xD0iJoZDpg&#8221;][\/vc_icon][vc_progress_bar values=&#8221;%22%&#8221;][vc_column_text uncode_shortcode_id=&#8221;114324&#8243;]<div class=\"epyt-gallery\" data-currpage=\"1\" id=\"epyt_gallery_74754\"><div class=\"epyt-video-wrapper\"><iframe  id=\"_ytid_89570\"  width=\"840\" height=\"472\"  data-origwidth=\"840\" data-origheight=\"472\" src=\"https:\/\/www.youtube.com\/embed\/coNJn75h-cI?enablejsapi=1&autoplay=0&cc_load_policy=0&cc_lang_pref=&iv_load_policy=1&loop=0&rel=1&fs=1&playsinline=0&autohide=2&theme=dark&color=red&controls=1&disablekb=0&\" class=\"__youtube_prefs__  no-lazyload\" title=\"YouTube player\"  data-epytgalleryid=\"epyt_gallery_74754\"  allow=\"fullscreen; accelerometer; autoplay; clipboard-write; encrypted-media; gyroscope; picture-in-picture; web-share\" referrerpolicy=\"strict-origin-when-cross-origin\" allowfullscreen data-no-lazy=\"1\" data-skipgform_ajax_framebjll=\"\"><\/iframe><\/div><div class=\"epyt-gallery-subscribe\"><a target=\"_blank\" class=\"epyt-gallery-subbutton\" href=\"https:\/\/www.youtube.com\/channel\/UClRKYtlONHCc5xD0iJoZDpg?sub_confirmation=1\"><img decoding=\"async\" alt=\"subscribe\" src=\"https:\/\/www.proscon.com.tr\/wp-content\/plugins\/youtube-embed-plus\/images\/play-subscribe.png\" \/>Takipte Kal\u0131n<\/a><\/div><div class=\"epyt-gallery-list\"><div class=\"epyt-pagination epyt-hide-pagination\"><div tabindex=\"0\" role=\"button\" class=\"epyt-pagebutton epyt-prev  hide \" data-playlistid=\"UUlRKYtlONHCc5xD0iJoZDpg\" data-pagesize=\"3\" data-pagetoken=\"\" data-epcolumns=\"3\" data-showtitle=\"1\" data-showpaging=\"0\" data-autonext=\"0\" data-thumbplay=\"1\"><div class=\"epyt-arrow\">&laquo;<\/div> <div>\u00d6nceki<\/div><\/div><div class=\"epyt-pagenumbers \"><div class=\"epyt-current\">1<\/div><div class=\"epyt-pageseparator\"> \/ <\/div><div class=\"epyt-totalpages\">34<\/div><\/div><div tabindex=\"0\" role=\"button\" class=\"epyt-pagebutton epyt-next\" data-playlistid=\"UUlRKYtlONHCc5xD0iJoZDpg\" data-pagesize=\"3\" data-pagetoken=\"EAAaHlBUOkNBTWlFRVkyTWtVNU5URkNSa1EwTlRSRFJESQ\" data-epcolumns=\"3\" data-showtitle=\"1\" data-showpaging=\"0\" data-autonext=\"0\" data-thumbplay=\"1\"><div>Sonraki<\/div> <div class=\"epyt-arrow\">&raquo;<\/div><\/div><div class=\"epyt-loader\"><img decoding=\"async\" alt=\"loading\" width=\"16\" height=\"11\" src=\"https:\/\/www.proscon.com.tr\/wp-content\/plugins\/youtube-embed-plus\/images\/gallery-page-loader.gif\"><\/div><\/div><div class=\"epyt-gallery-allthumbs  epyt-cols-3 \"><div tabindex=\"0\" role=\"button\" data-videoid=\"coNJn75h-cI\" class=\"epyt-gallery-thumb\"><div class=\"epyt-gallery-img-box\"><div class=\"epyt-gallery-img\" style=\"background-image: url(https:\/\/i.ytimg.com\/vi\/coNJn75h-cI\/hqdefault.jpg)\"><div class=\"epyt-gallery-playhover\"><img decoding=\"async\" alt=\"play\" class=\"epyt-play-img\" width=\"30\" height=\"23\" src=\"https:\/\/www.proscon.com.tr\/wp-content\/plugins\/youtube-embed-plus\/images\/playhover.png\" data-no-lazy=\"1\" data-skipgform_ajax_framebjll=\"\" \/><div class=\"epyt-gallery-playcrutch\"><\/div><\/div><\/div><\/div><div class=\"epyt-gallery-title\">Process Safety Quiz by ProSCon<\/div><\/div><div tabindex=\"0\" role=\"button\" data-videoid=\"tfWTamCfue8\" class=\"epyt-gallery-thumb\"><div class=\"epyt-gallery-img-box\"><div class=\"epyt-gallery-img\" style=\"background-image: url(https:\/\/i.ytimg.com\/vi\/tfWTamCfue8\/hqdefault.jpg)\"><div class=\"epyt-gallery-playhover\"><img decoding=\"async\" alt=\"play\" class=\"epyt-play-img\" width=\"30\" height=\"23\" src=\"https:\/\/www.proscon.com.tr\/wp-content\/plugins\/youtube-embed-plus\/images\/playhover.png\" data-no-lazy=\"1\" data-skipgform_ajax_framebjll=\"\" \/><div class=\"epyt-gallery-playcrutch\"><\/div><\/div><\/div><\/div><div class=\"epyt-gallery-title\">Process Safety Quiz #shorts<\/div><\/div><div tabindex=\"0\" role=\"button\" data-videoid=\"OKpSfKR48sY\" class=\"epyt-gallery-thumb\"><div class=\"epyt-gallery-img-box\"><div class=\"epyt-gallery-img\" style=\"background-image: url(https:\/\/i.ytimg.com\/vi\/OKpSfKR48sY\/hqdefault.jpg)\"><div class=\"epyt-gallery-playhover\"><img decoding=\"async\" alt=\"play\" class=\"epyt-play-img\" width=\"30\" height=\"23\" src=\"https:\/\/www.proscon.com.tr\/wp-content\/plugins\/youtube-embed-plus\/images\/playhover.png\" data-no-lazy=\"1\" data-skipgform_ajax_framebjll=\"\" \/><div class=\"epyt-gallery-playcrutch\"><\/div><\/div><\/div><\/div><div class=\"epyt-gallery-title\">Ex Ekipmanlar\u0131n Dans\u0131: Muayene Proses G\u00fcvenli\u011fi ve S\u00fcrd\u00fcr\u00fclebilirlik<\/div><\/div><div class=\"epyt-gallery-rowbreak\"><\/div><div class=\"epyt-gallery-clear\"><\/div><\/div><div class=\"epyt-pagination epyt-hide-pagination\"><div tabindex=\"0\" role=\"button\" class=\"epyt-pagebutton epyt-prev  hide \" data-playlistid=\"UUlRKYtlONHCc5xD0iJoZDpg\" data-pagesize=\"3\" data-pagetoken=\"\" data-epcolumns=\"3\" data-showtitle=\"1\" data-showpaging=\"0\" data-autonext=\"0\" data-thumbplay=\"1\"><div class=\"epyt-arrow\">&laquo;<\/div> <div>\u00d6nceki<\/div><\/div><div class=\"epyt-pagenumbers \"><div class=\"epyt-current\">1<\/div><div class=\"epyt-pageseparator\"> \/ <\/div><div class=\"epyt-totalpages\">34<\/div><\/div><div tabindex=\"0\" role=\"button\" class=\"epyt-pagebutton epyt-next\" data-playlistid=\"UUlRKYtlONHCc5xD0iJoZDpg\" data-pagesize=\"3\" data-pagetoken=\"EAAaHlBUOkNBTWlFRVkyTWtVNU5URkNSa1EwTlRSRFJESQ\" data-epcolumns=\"3\" data-showtitle=\"1\" data-showpaging=\"0\" data-autonext=\"0\" data-thumbplay=\"1\"><div>Sonraki<\/div> <div class=\"epyt-arrow\">&raquo;<\/div><\/div><div class=\"epyt-loader\"><img decoding=\"async\" alt=\"loading\" width=\"16\" height=\"11\" src=\"https:\/\/www.proscon.com.tr\/wp-content\/plugins\/youtube-embed-plus\/images\/gallery-page-loader.gif\"><\/div><\/div><\/div><\/div>[\/vc_column_text][vc_icon position=&#8221;left&#8221; space_reduced=&#8221;yes&#8221; icon=&#8221;fa fa-book&#8221; heading_semantic=&#8221;h4&#8243; text_font=&#8221;font-156269&#8243; linked_title=&#8221;yes&#8221; text_lead=&#8221;small&#8221; title=&#8221;Related Articles&#8221; uncode_shortcode_id=&#8221;981694&#8243; icon_color_type=&#8221;uncode-solid&#8221; icon_color_solid=&#8221;#cc3333&#8243; link=&#8221;url:https%3A%2F%2Fwww.youtube.com%2Fchannel%2FUClRKYtlONHCc5xD0iJoZDpg&#8221;][\/vc_icon][vc_progress_bar values=&#8221;%22%&#8221;][vc_column_text uncode_shortcode_id=&#8221;174453&#8243;]<\/p>\n<ul>\n<li><a href=\"https:\/\/www.proscon.com.tr\/en\/the-importance-of-visual-inspection-in-hazardous-areas\/\" target=\"_blank\" rel=\"noopener noreferrer\">The Importance of Visual Inspection in Hazardous Areas<\/a><\/li>\n<li><a href=\"https:\/\/www.proscon.com.tr\/en\/safety-integrity-levels-of-fire-and-gas-systems-and-effects-on-facility-reliability-target\/\" target=\"_blank\" rel=\"noopener noreferrer\">Safety Integrity Levels of Fire and Gas Systems and their Impact on Plant Reliability Objective<\/a><\/li>\n<li><a href=\"https:\/\/www.proscon.com.tr\/en\/dust-explosions\/\" target=\"_blank\" rel=\"noopener noreferrer\">Dust Explosions<\/a><\/li>\n<li><a href=\"https:\/\/www.proscon.com.tr\/en\/statik-elektrik-endustrinin-gizli-tehlikesi\/\" target=\"_blank\" rel=\"noopener noreferrer\">Static Electricity: Industry&#8217;s Hidden Danger<\/a><\/li>\n<li><a href=\"https:\/\/www.proscon.com.tr\/en\/control-of-flammable-explosive-environments-and-crisis-management-in-industrial-plants\/\" target=\"_blank\" rel=\"noopener noreferrer\">Control and Crisis Management of Flammable\/Explosive Atmospheres in Industrial Facilities<\/a><\/li>\n<\/ul>\n<p>[\/vc_column_text][\/vc_column][\/vc_row][\/vc_section]<\/p>\n<\/div>","protected":false},"excerpt":{"rendered":"<p>[vc_row row_height_percent=&#8221;53&#8243; back_image=&#8221;88304&#8243; overlay_alpha=&#8221;50&#8243; gutter_size=&#8221;3&#8243; column_width_percent=&#8221;100&#8243; shift_y=&#8221;0&#8243; z_index=&#8221;0&#8243; enable_bottom_divider=&#8221;default&#8221; bottom_divider=&#8221;gradient&#8221; shape_bottom_h_use_pixel=&#8221;&#8221; shape_bottom_height=&#8221;50&#8243; shape_bottom_opacity=&#8221;100&#8243; shape_bottom_index=&#8221;0&#8243; uncode_shortcode_id=&#8221;144339&#8243;][vc_column column_width_percent=&#8221;100&#8243; position_vertical=&#8221;middle&#8221; align_horizontal=&#8221;align_center&#8221; gutter_size=&#8221;3&#8243; overlay_alpha=&#8221;50&#8243; [&hellip;]<\/p>\n","protected":false},"author":1,"featured_media":88135,"parent":0,"menu_order":0,"comment_status":"closed","ping_status":"closed","template":"","meta":{"om_disable_all_campaigns":false,"_monsterinsights_skip_tracking":false,"_monsterinsights_sitenote_active":false,"_monsterinsights_sitenote_note":"","_monsterinsights_sitenote_category":0,"footnotes":""},"categories":[],"tags":[],"class_list":["post-92264","page","type-page","status-publish","has-post-thumbnail","hentry","page_category-proses-safety-management"],"aioseo_notices":[],"_links":{"self":[{"href":"https:\/\/www.proscon.com.tr\/en\/wp-json\/wp\/v2\/pages\/92264","targetHints":{"allow":["GET"]}}],"collection":[{"href":"https:\/\/www.proscon.com.tr\/en\/wp-json\/wp\/v2\/pages"}],"about":[{"href":"https:\/\/www.proscon.com.tr\/en\/wp-json\/wp\/v2\/types\/page"}],"author":[{"embeddable":true,"href":"https:\/\/www.proscon.com.tr\/en\/wp-json\/wp\/v2\/users\/1"}],"replies":[{"embeddable":true,"href":"https:\/\/www.proscon.com.tr\/en\/wp-json\/wp\/v2\/comments?post=92264"}],"version-history":[{"count":0,"href":"https:\/\/www.proscon.com.tr\/en\/wp-json\/wp\/v2\/pages\/92264\/revisions"}],"wp:featuredmedia":[{"embeddable":true,"href":"https:\/\/www.proscon.com.tr\/en\/wp-json\/wp\/v2\/media\/88135"}],"wp:attachment":[{"href":"https:\/\/www.proscon.com.tr\/en\/wp-json\/wp\/v2\/media?parent=92264"}],"wp:term":[{"taxonomy":"category","embeddable":true,"href":"https:\/\/www.proscon.com.tr\/en\/wp-json\/wp\/v2\/categories?post=92264"},{"taxonomy":"post_tag","embeddable":true,"href":"https:\/\/www.proscon.com.tr\/en\/wp-json\/wp\/v2\/tags?post=92264"}],"curies":[{"name":"wp","href":"https:\/\/api.w.org\/{rel}","templated":true}]}}