{"id":92255,"date":"2018-09-24T11:39:36","date_gmt":"2018-09-24T08:39:36","guid":{"rendered":"http:\/\/www.proscon.com.tr\/?page_id=92255"},"modified":"2023-07-16T21:00:20","modified_gmt":"2023-07-16T18:00:20","slug":"quantification-of-uncertainties-in-process-hazard-analysis-by-fuzzy-logic","status":"publish","type":"page","link":"https:\/\/www.proscon.com.tr\/en\/quantification-of-uncertainties-in-process-hazard-analysis-by-fuzzy-logic\/","title":{"rendered":"Quantification of Uncertainties in Process Hazard Analysis by Fuzzy Logic"},"content":{"rendered":"<div class=\"wpb-content-wrapper\"><p>[vc_row][vc_column width=&#8221;1\/1&#8243;][vc_column_text uncode_shortcode_id=&#8221;174075&#8243;]<\/p>\n<h2>Quantification of Uncertainties in Process Hazard Analysis by Fuzzy Logic<\/h2>\n<h5><strong>O\u011fuzcan TA\u015eDEM\u0130R\u00a0 \u00a0 Chemical Engineer<\/strong><\/h5>\n<h5><strong>Yusuf Mert S\u00d6NMEZ<\/strong><em>\u00a0 Chemical Engineer Msc<\/em><\/h5>\n<h5><strong>Mehmet D\u0130LAVER\u00a0 \u00a0 \u00a0 \u00a0Chemical Engineer, T\u00dcV Functional Safety Engineer<\/strong><\/h5>\n<p>&nbsp;<\/p>\n<p>Hazard and Operability (HAZOP) and similar studies have aleatoric and epistemic uncertainties due to their nature designed in the qualitative hazard analysis principle. These uncertainties directly affect the quality of the study and the variability of analyst experience and interpretations in the hazard analysis. In these studies, the linguistic effect on the accuracy and accuracy of the data obtained during the identification of the frequency or severity of the hazards is important to the extent that it will affect the quality of the study.<\/p>\n<p>_______________________________________<\/p>\n<p>Keywords: Process hazard analysis, HAZOP, Fuzzy logic, fuzzy logic, modeling, aleatoric and epistemic data, linguistic effect\u00a0[\/vc_column_text][\/vc_column][\/vc_row][vc_row][vc_column width=&#8221;1\/1&#8243;][vc_empty_space][\/vc_column][\/vc_row][vc_row][vc_column width=&#8221;1\/1&#8243;][vc_button border_width=&#8221;0&#8243; link=&#8221;url:http%3A%2F%2Fwww.proscon.com.tr%2Fproses-tehlike-analizlerindeki-belirsizliklerin-bulanik-mantik-ile-kantitatiflestirilmesi%2F&#8221; button_color_type=&#8221;uncode-solid&#8221; button_color_solid=&#8221;#cc3333&#8243; uncode_shortcode_id=&#8221;118013&#8243;]Read More[\/vc_button][\/vc_column][\/vc_row][vc_row][vc_column width=&#8221;1\/1&#8243;][vc_empty_space empty_h=&#8221;3&#8243;][\/vc_column][\/vc_row]<\/p>\n<\/div>","protected":false},"excerpt":{"rendered":"<p>[vc_row][vc_column width=&#8221;1\/1&#8243;][vc_column_text uncode_shortcode_id=&#8221;174075&#8243;] Quantification of Uncertainties in Process Hazard Analysis by Fuzzy Logic O\u011fuzcan TA\u015eDEM\u0130R\u00a0 \u00a0 Chemical Engineer Yusuf Mert [&hellip;]<\/p>\n","protected":false},"author":1,"featured_media":0,"parent":0,"menu_order":0,"comment_status":"closed","ping_status":"closed","template":"","meta":{"om_disable_all_campaigns":false,"_monsterinsights_skip_tracking":false,"_monsterinsights_sitenote_active":false,"_monsterinsights_sitenote_note":"","_monsterinsights_sitenote_category":0,"footnotes":""},"categories":[],"tags":[],"class_list":["post-92255","page","type-page","status-publish","hentry","page_category-technical-article"],"aioseo_notices":[],"_links":{"self":[{"href":"https:\/\/www.proscon.com.tr\/en\/wp-json\/wp\/v2\/pages\/92255","targetHints":{"allow":["GET"]}}],"collection":[{"href":"https:\/\/www.proscon.com.tr\/en\/wp-json\/wp\/v2\/pages"}],"about":[{"href":"https:\/\/www.proscon.com.tr\/en\/wp-json\/wp\/v2\/types\/page"}],"author":[{"embeddable":true,"href":"https:\/\/www.proscon.com.tr\/en\/wp-json\/wp\/v2\/users\/1"}],"replies":[{"embeddable":true,"href":"https:\/\/www.proscon.com.tr\/en\/wp-json\/wp\/v2\/comments?post=92255"}],"version-history":[{"count":0,"href":"https:\/\/www.proscon.com.tr\/en\/wp-json\/wp\/v2\/pages\/92255\/revisions"}],"wp:attachment":[{"href":"https:\/\/www.proscon.com.tr\/en\/wp-json\/wp\/v2\/media?parent=92255"}],"wp:term":[{"taxonomy":"category","embeddable":true,"href":"https:\/\/www.proscon.com.tr\/en\/wp-json\/wp\/v2\/categories?post=92255"},{"taxonomy":"post_tag","embeddable":true,"href":"https:\/\/www.proscon.com.tr\/en\/wp-json\/wp\/v2\/tags?post=92255"}],"curies":[{"name":"wp","href":"https:\/\/api.w.org\/{rel}","templated":true}]}}