{"id":92252,"date":"2018-09-06T07:40:38","date_gmt":"2018-09-06T04:40:38","guid":{"rendered":"http:\/\/www.proscon.com.tr\/?page_id=92252"},"modified":"2023-07-16T20:48:56","modified_gmt":"2023-07-16T17:48:56","slug":"effect-of-time-estimation-and-evaluation-team-on-project-budget-in-process-hazard-analysis","status":"publish","type":"page","link":"https:\/\/www.proscon.com.tr\/en\/effect-of-time-estimation-and-evaluation-team-on-project-budget-in-process-hazard-analysis\/","title":{"rendered":"Proses Tehlike Analizlerinde Zaman Tahmini ve De\u011ferlendirme Ekibinin  Proje B\u00fct\u00e7esine Etkisi"},"content":{"rendered":"<div class=\"wpb-content-wrapper\"><p>[vc_row][vc_column width=&#8221;1\/1&#8243;][vc_column_text uncode_shortcode_id=&#8221;147941&#8243;]<\/p>\n<h1 style=\"text-align: center;\">Effect of Time Estimation and Evaluation Team on Project Budget in Process Hazard Analysis<\/h1>\n<h5><strong>Mehmet D\u0130LAVER\u00a0 <em>Chemical Engineer, T\u00dcV Functional Safety Engineer<\/em><\/strong><\/h5>\n<p>&nbsp;<\/p>\n<p>Process hazard analyzes are applied in many stages such as R &amp; D, design, revision, commissioning and deactivation. The analysis tool used helps to mature the project in terms of danger and operability. The correct selection of the vehicle to be used ensures that the expectations are met without starting. Furthermore, if the time foreseen for the process hazard analysis is close to the actual one, it will mean that both the budget allocated for the analysis and the time plan do not deviate.<\/p>\n<p>________________________________________<\/p>\n<p><strong>Keywords<\/strong>: Process Hazard Analysis, HAZOP Studies, Project Plan, Project Budget, Time Plan for Hazard Analysis<\/p>\n<div class=\"uncode_text_column\"><\/div>\n<p>[\/vc_column_text][\/vc_column][\/vc_row][vc_row][vc_column width=&#8221;1\/1&#8243;][vc_empty_space empty_h=&#8221;2&#8243;][\/vc_column][\/vc_row][vc_row][vc_column column_width_percent=&#8221;100&#8243; position_vertical=&#8221;middle&#8221; align_horizontal=&#8221;align_center&#8221; gutter_size=&#8221;3&#8243; overlay_alpha=&#8221;50&#8243; shift_x=&#8221;0&#8243; shift_y=&#8221;0&#8243; shift_y_down=&#8221;0&#8243; z_index=&#8221;0&#8243; medium_width=&#8221;0&#8243; mobile_width=&#8221;0&#8243; width=&#8221;1\/1&#8243; uncode_shortcode_id=&#8221;148954&#8243;][vc_button border_width=&#8221;0&#8243; link=&#8221;url:http%3A%2F%2Fwww.proscon.com.tr%2Fproses-tehlike-analizlerinde-zaman-tahmini-ve-degerlendirme-ekibinin-proje-butcesine-etkisi%2F&#8221; button_color_type=&#8221;uncode-solid&#8221; button_color_solid=&#8221;#cc3333&#8243; uncode_shortcode_id=&#8221;343108&#8243;]Read More[\/vc_button][\/vc_column][\/vc_row]<\/p>\n<\/div>","protected":false},"excerpt":{"rendered":"<p>[vc_row][vc_column width=&#8221;1\/1&#8243;][vc_column_text uncode_shortcode_id=&#8221;147941&#8243;] Effect of Time Estimation and Evaluation Team on Project Budget in Process Hazard Analysis Mehmet D\u0130LAVER\u00a0 Chemical [&hellip;]<\/p>\n","protected":false},"author":1,"featured_media":0,"parent":0,"menu_order":0,"comment_status":"closed","ping_status":"closed","template":"","meta":{"om_disable_all_campaigns":false,"_monsterinsights_skip_tracking":false,"_monsterinsights_sitenote_active":false,"_monsterinsights_sitenote_note":"","_monsterinsights_sitenote_category":0,"footnotes":""},"categories":[],"tags":[],"class_list":["post-92252","page","type-page","status-publish","hentry","page_category-technical-article"],"aioseo_notices":[],"_links":{"self":[{"href":"https:\/\/www.proscon.com.tr\/en\/wp-json\/wp\/v2\/pages\/92252","targetHints":{"allow":["GET"]}}],"collection":[{"href":"https:\/\/www.proscon.com.tr\/en\/wp-json\/wp\/v2\/pages"}],"about":[{"href":"https:\/\/www.proscon.com.tr\/en\/wp-json\/wp\/v2\/types\/page"}],"author":[{"embeddable":true,"href":"https:\/\/www.proscon.com.tr\/en\/wp-json\/wp\/v2\/users\/1"}],"replies":[{"embeddable":true,"href":"https:\/\/www.proscon.com.tr\/en\/wp-json\/wp\/v2\/comments?post=92252"}],"version-history":[{"count":0,"href":"https:\/\/www.proscon.com.tr\/en\/wp-json\/wp\/v2\/pages\/92252\/revisions"}],"wp:attachment":[{"href":"https:\/\/www.proscon.com.tr\/en\/wp-json\/wp\/v2\/media?parent=92252"}],"wp:term":[{"taxonomy":"category","embeddable":true,"href":"https:\/\/www.proscon.com.tr\/en\/wp-json\/wp\/v2\/categories?post=92252"},{"taxonomy":"post_tag","embeddable":true,"href":"https:\/\/www.proscon.com.tr\/en\/wp-json\/wp\/v2\/tags?post=92252"}],"curies":[{"name":"wp","href":"https:\/\/api.w.org\/{rel}","templated":true}]}}