{"id":92251,"date":"2018-09-06T06:15:27","date_gmt":"2018-09-06T03:15:27","guid":{"rendered":"http:\/\/www.proscon.com.tr\/?page_id=92251"},"modified":"2023-07-16T20:44:51","modified_gmt":"2023-07-16T17:44:51","slug":"control-of-flammable-explosive-environments-and-crisis-management-in-industrial-plants","status":"publish","type":"page","link":"https:\/\/www.proscon.com.tr\/en\/control-of-flammable-explosive-environments-and-crisis-management-in-industrial-plants\/","title":{"rendered":"End\u00fcstriyel Tesislerde Alevlenebilir \/ Patlay\u0131c\u0131 Ortamlar\u0131n Kontrol\u00fc ve Kriz Y\u00f6netimi"},"content":{"rendered":"<div class=\"wpb-content-wrapper\"><p>[vc_row unlock_row_content=&#8221;yes&#8221; row_height_percent=&#8221;100&#8243; overlay_alpha=&#8221;50&#8243; gutter_size=&#8221;3&#8243; column_width_percent=&#8221;100&#8243; shift_y=&#8221;0&#8243; z_index=&#8221;0&#8243;][vc_column][vc_column_text uncode_shortcode_id=&#8221;133932&#8243;]<\/p>\n<h2>Control of Flammable \/ Explosive Environments and Crisis Management in Industrial Plants<\/h2>\n<h5><strong>Yusuf Mert S\u00d6NMEZ<\/strong><em>\u00a0 Chemical Engineer Msc<\/em><\/h5>\n<h5><strong>Mehmet D\u0130LAVER\u00a0 \u00a0 \u00a0 \u00a0 <em>Chemical Engineer, T\u00dcV Functional Safety Engineer<\/em><\/strong><\/h5>\n<h5><strong>\u00c7a\u011fatay KAYA<\/strong><em>\u00a0 \u00a0 \u00a0 \u00a0 \u00a0 \u00a0 \u00a0 \u00a0Chemical Engineer<\/em><\/h5>\n<p>In our country&#8217;s industry, fire and explosions occur almost every day and many lives and property are lost. In Kocaeli, which contains 27% of the chemical industry of our country, when the fire brigade statistics of 2016 were examined, a total of 790 fire cases were intervened. 140 of these fires occurred in industrial establishments. Organizations that store flammable \/ flammable chemicals in various ways must be aware and prepared for the danger of flammable and explosive atmospheres.<\/p>\n<p>________________________________________<\/p>\n<p><strong>Keywords<\/strong>: Industrial fires, fire and explosion index, modeling, thermal radiation and pressure effect, zero-minute plan, crisis management<br \/>\n[\/vc_column_text][\/vc_column][\/vc_row][vc_row][vc_column width=&#8221;1\/1&#8243;][vc_empty_space empty_h=&#8221;2&#8243;][\/vc_column][\/vc_row]<\/p>\n<\/div>","protected":false},"excerpt":{"rendered":"<p>[vc_row unlock_row_content=&#8221;yes&#8221; row_height_percent=&#8221;100&#8243; overlay_alpha=&#8221;50&#8243; gutter_size=&#8221;3&#8243; column_width_percent=&#8221;100&#8243; shift_y=&#8221;0&#8243; z_index=&#8221;0&#8243;][vc_column][vc_column_text uncode_shortcode_id=&#8221;133932&#8243;] Control of Flammable \/ Explosive Environments and Crisis Management in Industrial [&hellip;]<\/p>\n","protected":false},"author":1,"featured_media":0,"parent":0,"menu_order":0,"comment_status":"closed","ping_status":"closed","template":"","meta":{"om_disable_all_campaigns":false,"_monsterinsights_skip_tracking":false,"_monsterinsights_sitenote_active":false,"_monsterinsights_sitenote_note":"","_monsterinsights_sitenote_category":0,"footnotes":""},"categories":[],"tags":[],"class_list":["post-92251","page","type-page","status-publish","hentry","page_category-technical-article"],"aioseo_notices":[],"_links":{"self":[{"href":"https:\/\/www.proscon.com.tr\/en\/wp-json\/wp\/v2\/pages\/92251","targetHints":{"allow":["GET"]}}],"collection":[{"href":"https:\/\/www.proscon.com.tr\/en\/wp-json\/wp\/v2\/pages"}],"about":[{"href":"https:\/\/www.proscon.com.tr\/en\/wp-json\/wp\/v2\/types\/page"}],"author":[{"embeddable":true,"href":"https:\/\/www.proscon.com.tr\/en\/wp-json\/wp\/v2\/users\/1"}],"replies":[{"embeddable":true,"href":"https:\/\/www.proscon.com.tr\/en\/wp-json\/wp\/v2\/comments?post=92251"}],"version-history":[{"count":0,"href":"https:\/\/www.proscon.com.tr\/en\/wp-json\/wp\/v2\/pages\/92251\/revisions"}],"wp:attachment":[{"href":"https:\/\/www.proscon.com.tr\/en\/wp-json\/wp\/v2\/media?parent=92251"}],"wp:term":[{"taxonomy":"category","embeddable":true,"href":"https:\/\/www.proscon.com.tr\/en\/wp-json\/wp\/v2\/categories?post=92251"},{"taxonomy":"post_tag","embeddable":true,"href":"https:\/\/www.proscon.com.tr\/en\/wp-json\/wp\/v2\/tags?post=92251"}],"curies":[{"name":"wp","href":"https:\/\/api.w.org\/{rel}","templated":true}]}}