{"id":92187,"date":"2021-10-28T16:08:25","date_gmt":"2021-10-28T13:08:25","guid":{"rendered":"http:\/\/www.proscon.com.tr\/?page_id=92187"},"modified":"2023-07-16T15:31:58","modified_gmt":"2023-07-16T12:31:58","slug":"preparation-of-explosion-protection-document-epd-training","status":"publish","type":"page","link":"https:\/\/www.proscon.com.tr\/en\/preparation-of-explosion-protection-document-epd-training\/","title":{"rendered":"Preparation of Explosion Protection Document (EPD) Training"},"content":{"rendered":"<div class=\"wpb-content-wrapper\"><p>[vc_row unlock_row_content=&#8221;yes&#8221; row_height_percent=&#8221;30&#8243; override_padding=&#8221;yes&#8221; h_padding=&#8221;0&#8243; top_padding=&#8221;0&#8243; bottom_padding=&#8221;0&#8243; overlay_alpha=&#8221;50&#8243; equal_height=&#8221;yes&#8221; gutter_size=&#8221;0&#8243; column_width_percent=&#8221;100&#8243; shift_y=&#8221;0&#8243; z_index=&#8221;0&#8243; uncode_shortcode_id=&#8221;172951&#8243;][vc_column column_width_percent=&#8221;100&#8243; gutter_size=&#8221;3&#8243; override_padding=&#8221;yes&#8221; column_padding=&#8221;4&#8243; back_image=&#8221;87849&#8243; overlay_alpha=&#8221;50&#8243; shift_x=&#8221;0&#8243; shift_y=&#8221;0&#8243; shift_y_down=&#8221;0&#8243; z_index=&#8221;0&#8243; medium_width=&#8221;0&#8243; mobile_width=&#8221;0&#8243; width=&#8221;1\/2&#8243; mobile_height=&#8221;300&#8243; uncode_shortcode_id=&#8221;543388&#8243;][vc_custom_heading text_color=&#8221;color-lxmt&#8221; text_size=&#8221;fontsize-155944&#8243; separator=&#8221;yes&#8221; uncode_shortcode_id=&#8221;607716&#8243; text_color_type=&#8221;uncode-palette&#8221;]Patlamadan Korunma D\u00f6k\u00fcman\u0131 Haz\u0131rlama E\u011fitimi<\/p>\n<p>&nbsp;<\/p>\n<p>IECEx Unit Ex 001, 002[\/vc_custom_heading][vc_single_image media=&#8221;88230&#8243; media_width_percent=&#8221;50&#8243; uncode_shortcode_id=&#8221;209094&#8243;][\/vc_column][vc_column column_width_percent=&#8221;100&#8243; gutter_size=&#8221;0&#8243; overlay_alpha=&#8221;50&#8243; shift_x=&#8221;0&#8243; shift_y=&#8221;0&#8243; z_index=&#8221;0&#8243; medium_width=&#8221;0&#8243; mobile_width=&#8221;0&#8243; width=&#8221;1\/2&#8243;][vc_row_inner row_inner_height_percent=&#8221;42&#8243; overlay_alpha=&#8221;50&#8243; gutter_size=&#8221;3&#8243; shift_y=&#8221;0&#8243; z_index=&#8221;0&#8243; uncode_shortcode_id=&#8221;181664&#8243; back_color_type=&#8221;uncode-solid&#8221; back_color_solid=&#8221;#eaeaea&#8221; limit_content=&#8221;&#8221;][vc_column_inner column_width_percent=&#8221;100&#8243; gutter_size=&#8221;2&#8243; override_padding=&#8221;yes&#8221; column_padding=&#8221;4&#8243; overlay_alpha=&#8221;50&#8243; shift_x=&#8221;0&#8243; shift_y=&#8221;0&#8243; shift_y_down=&#8221;0&#8243; z_index=&#8221;0&#8243; medium_width=&#8221;0&#8243; mobile_width=&#8221;0&#8243; width=&#8221;1\/1&#8243;][vc_icon icon=&#8221;fa fa-target2&#8243; size=&#8221;fa-3x&#8221; text_size=&#8221;h4&#8243; text_lead=&#8221;small&#8221; uncode_shortcode_id=&#8221;215858&#8243; title=&#8221;Aim of the Training&#8221;]The aim of the training is to provide knowledge about identifying flammable chemicals that can create explosive atmospheres, determining sources of release, classifying hazardous areas, establishing area distances, understanding the physical and chemical behavior of explosive atmospheres, implementing engineering and organizational measures to prevent the formation of hazardous areas, identifying ignition sources, selecting equipment protection types, choosing Ex-proof equipment, and determining the severity of explosions.[\/vc_icon][\/vc_column_inner][\/vc_row_inner][vc_row_inner row_inner_height_percent=&#8221;39&#8243; back_color=&#8221;color-gyho&#8221; overlay_alpha=&#8221;50&#8243; equal_height=&#8221;yes&#8221; gutter_size=&#8221;0&#8243; shift_y=&#8221;0&#8243; z_index=&#8221;0&#8243; limit_content=&#8221;&#8221; uncode_shortcode_id=&#8221;130766&#8243; back_color_type=&#8221;uncode-palette&#8221;][vc_column_inner column_width_percent=&#8221;100&#8243; gutter_size=&#8221;3&#8243; override_padding=&#8221;yes&#8221; column_padding=&#8221;4&#8243; style=&#8221;dark&#8221; back_image=&#8221;87644&#8243; overlay_alpha=&#8221;77&#8243; shift_x=&#8221;0&#8243; shift_y=&#8221;0&#8243; shift_y_down=&#8221;0&#8243; z_index=&#8221;0&#8243; medium_width=&#8221;4&#8243; mobile_width=&#8221;0&#8243; width=&#8221;1\/2&#8243; mobile_height=&#8221;300&#8243; uncode_shortcode_id=&#8221;761844&#8243; back_color_type=&#8221;uncode-solid&#8221; back_color_solid=&#8221;#d04444&#8243; overlay_color_type=&#8221;uncode-solid&#8221; overlay_color_solid=&#8221;#d04444&#8243;][vc_icon icon=&#8221;fa fa-user-plus&#8221; size=&#8221;fa-3x&#8221; text_size=&#8221;h4&#8243; text_lead=&#8221;small&#8221; text_reduced=&#8221;yes&#8221; align=&#8221;left&#8221; title=&#8221;Who should attend&#8221; uncode_shortcode_id=&#8221;395318&#8243;]Engineers and experts working in facilities where explosive atmospheres can occur.[\/vc_icon][\/vc_column_inner][vc_column_inner column_width_percent=&#8221;100&#8243; gutter_size=&#8221;3&#8243; override_padding=&#8221;yes&#8221; column_padding=&#8221;4&#8243; style=&#8221;dark&#8221; back_color=&#8221;color-wayh&#8221; overlay_alpha=&#8221;50&#8243; shift_x=&#8221;0&#8243; shift_y=&#8221;0&#8243; shift_y_down=&#8221;0&#8243; z_index=&#8221;0&#8243; medium_width=&#8221;4&#8243; mobile_width=&#8221;0&#8243; width=&#8221;1\/2&#8243; uncode_shortcode_id=&#8221;491553&#8243; back_color_type=&#8221;uncode-palette&#8221;][vc_icon icon=&#8221;fa fa-clock2&#8243; size=&#8221;fa-3x&#8221; text_size=&#8221;h4&#8243; text_lead=&#8221;small&#8221; text_reduced=&#8221;yes&#8221; align=&#8221;left&#8221; title=&#8221;Training Duration&#8221; uncode_shortcode_id=&#8221;220267&#8243; icon_color_type=&#8221;uncode-solid&#8221; icon_color_solid=&#8221;#d04444&#8243;]<\/p>\n<h2>3 Days<\/h2>\n<p>[\/vc_icon][\/vc_column_inner][\/vc_row_inner][\/vc_column][\/vc_row][vc_row row_height_percent=&#8221;0&#8243; override_padding=&#8221;yes&#8221; h_padding=&#8221;2&#8243; top_padding=&#8221;6&#8243; bottom_padding=&#8221;6&#8243; overlay_alpha=&#8221;50&#8243; equal_height=&#8221;yes&#8221; gutter_size=&#8221;3&#8243; column_width_percent=&#8221;100&#8243; shift_y=&#8221;0&#8243; z_index=&#8221;0&#8243; uncode_shortcode_id=&#8221;104256&#8243; back_color_type=&#8221;uncode-solid&#8221; back_color_solid=&#8221;#eaeaea&#8221;][vc_column column_width_percent=&#8221;100&#8243; position_vertical=&#8221;middle&#8221; gutter_size=&#8221;3&#8243; overlay_alpha=&#8221;50&#8243; shift_x=&#8221;0&#8243; shift_y=&#8221;0&#8243; shift_y_down=&#8221;0&#8243; z_index=&#8221;0&#8243; medium_width=&#8221;0&#8243; mobile_width=&#8221;0&#8243; width=&#8221;1\/2&#8243;][vc_custom_heading heading_semantic=&#8221;h3&#8243; text_size=&#8221;h4&#8243; uncode_shortcode_id=&#8221;195378&#8243;]Training Content[\/vc_custom_heading][uncode_list larger=&#8221;small&#8221; icon=&#8221;fa fa-check&#8221; uncode_shortcode_id=&#8221;731002&#8243; icon_color_type=&#8221;uncode-solid&#8221; icon_color_solid=&#8221;#d13838&#8243;]<\/p>\n<ul>\n<li>Relevant Definitions<\/li>\n<li>Regulations and Standards<\/li>\n<li>Combustion and Explosion Dynamics<\/li>\n<li>Explosion Protection Systematics (Dust) (TS EN 60079-10-2)<\/li>\n<li>Explosion Protection Systematics (Gas\/Liquid\/Vapor) (TS EN 60079-10-1)<\/li>\n<li>Ventilation<\/li>\n<li>Root Causes and Ignition Sources<\/li>\n<li>Equipment and Protection Types<\/li>\n<li>Ex-proof Equipment Selection<\/li>\n<li>Determining Explosion Severity<\/li>\n<li>Preparation of Explosion Protection Documents and Considerations<\/li>\n<li>ATEX Sustainability Practical<\/li>\n<li>Workshops<\/li>\n<\/ul>\n<p>[\/uncode_list][\/vc_column][vc_column column_width_percent=&#8221;100&#8243; position_vertical=&#8221;middle&#8221; gutter_size=&#8221;3&#8243; overlay_alpha=&#8221;50&#8243; shift_x=&#8221;0&#8243; shift_y=&#8221;0&#8243; shift_y_down=&#8221;0&#8243; z_index=&#8221;0&#8243; medium_width=&#8221;0&#8243; mobile_width=&#8221;0&#8243; width=&#8221;1\/2&#8243;][vc_row_inner row_inner_height_percent=&#8221;0&#8243; overlay_alpha=&#8221;50&#8243; gutter_size=&#8221;2&#8243; shift_y=&#8221;0&#8243; z_index=&#8221;0&#8243; limit_content=&#8221;&#8221;][vc_column_inner column_width_percent=&#8221;100&#8243; gutter_size=&#8221;3&#8243; overlay_alpha=&#8221;50&#8243; shift_x=&#8221;0&#8243; shift_y=&#8221;-2&#8243; shift_y_fixed=&#8221;yes&#8221; shift_y_down=&#8221;0&#8243; z_index=&#8221;0&#8243; medium_width=&#8221;4&#8243; mobile_width=&#8221;4&#8243; width=&#8221;1\/2&#8243;][vc_single_image media=&#8221;87774&#8243; media_width_percent=&#8221;100&#8243; media_ratio=&#8221;nine-sixteen&#8221; shadow=&#8221;yes&#8221; shadow_weight=&#8221;sm&#8221; shadow_darker=&#8221;yes&#8221; uncode_shortcode_id=&#8221;102843&#8243;][\/vc_column_inner][vc_column_inner column_width_percent=&#8221;100&#8243; gutter_size=&#8221;3&#8243; overlay_alpha=&#8221;50&#8243; shift_x=&#8221;0&#8243; shift_y=&#8221;0&#8243; shift_y_fixed=&#8221;yes&#8221; shift_y_down=&#8221;-2&#8243; z_index=&#8221;0&#8243; medium_width=&#8221;4&#8243; mobile_width=&#8221;4&#8243; width=&#8221;1\/2&#8243;][vc_single_image media=&#8221;87775&#8243; media_width_percent=&#8221;100&#8243; media_ratio=&#8221;nine-sixteen&#8221; shadow=&#8221;yes&#8221; shadow_weight=&#8221;sm&#8221; shadow_darker=&#8221;yes&#8221; uncode_shortcode_id=&#8221;147790&#8243;][\/vc_column_inner][\/vc_row_inner][\/vc_column][\/vc_row][vc_row row_height_percent=&#8221;0&#8243; override_padding=&#8221;yes&#8221; h_padding=&#8221;2&#8243; top_padding=&#8221;5&#8243; bottom_padding=&#8221;5&#8243; back_color=&#8221;color-gyho&#8221; overlay_alpha=&#8221;50&#8243; gutter_size=&#8221;3&#8243; column_width_percent=&#8221;100&#8243; shift_y=&#8221;0&#8243; z_index=&#8221;0&#8243;][vc_column column_width_use_pixel=&#8221;yes&#8221; gutter_size=&#8221;4&#8243; override_padding=&#8221;yes&#8221; column_padding=&#8221;3&#8243; back_color=&#8221;color-xsdn&#8221; overlay_alpha=&#8221;50&#8243; shift_x=&#8221;0&#8243; shift_y=&#8221;0&#8243; shift_y_down=&#8221;0&#8243; z_index=&#8221;0&#8243; medium_width=&#8221;0&#8243; mobile_width=&#8221;0&#8243; radius=&#8221;std&#8221; width=&#8221;1\/1&#8243; column_width_pixel=&#8221;900&#8243;][vc_accordion sign=&#8221;plus&#8221; active_tab=&#8221;0&#8243;][vc_accordion_tab gutter_size=&#8221;2&#8243; column_padding=&#8221;2&#8243; title=&#8221;RELATED STANDARDS&#8221; tab_id=&#8221;d21d5937-3bb0-215556789140011555679505952e2f8-e12216354284667191635429446102&#8243;][uncode_list larger=&#8221;small&#8221; icon=&#8221;fa fa-check&#8221; uncode_shortcode_id=&#8221;135646&#8243; icon_color_type=&#8221;uncode-solid&#8221; icon_color_solid=&#8221;#d13838&#8243;]<\/p>\n<ul>\n<li><a href=\"https:\/\/intweb.tse.org.tr\/Standard\/Standard\/Standard.aspx?081118051115108051104119110104055047105102120088111043113104073082117054066050111113111055048050\">TS EN 60079-10-1<\/a><\/li>\n<li><a href=\"https:\/\/intweb.tse.org.tr\/Standard\/Standard\/Standard.aspx?053107106111065067115113049116090107100056052055108081090071086075069085047110067109075073081116103090081086073108065117084119099100116070099065089053101116097104065052090076117081097067056111\">TS EN 60079-10-2<\/a><\/li>\n<li><a href=\"https:\/\/intweb.tse.org.tr\/Standard\/Standard\/Standard.aspx?053107106111065067115113049116090107100056052055108081090071086075069085047110067109075073081116103090081086073108065117084119100084102069070116056105105075121057111080077080077068079081103088\">TS EN 60079-0<\/a><\/li>\n<li><a href=\"https:\/\/intweb.tse.org.tr\/Standard\/Standard\/Standard.aspx?053107106111065067115113049116090107100056052055108081090071086075069085047110067109075073081116103090081086073108065117084119102079053099109097118113118104085068084075067071086100067117113097\">TS EN 1127-1<\/a><\/li>\n<li><a href=\"https:\/\/intweb.tse.org.tr\/Standard\/Standard\/Standard.aspx?081118051115108051104119110104055047105102120088111043113104073101065081068067117100071085069043\">TS EN 60079-14<\/a><\/li>\n<\/ul>\n<p>[\/uncode_list][\/vc_accordion_tab][vc_accordion_tab gutter_size=&#8221;2&#8243; column_padding=&#8221;2&#8243; title=&#8221;RELATED REGULATIONS&#8221; tab_id=&#8221;6dad8f3c-7309-815556789140011555679505952e2f8-e12216354284667191635429446102&#8243;][uncode_list larger=&#8221;small&#8221; icon=&#8221;fa fa-check&#8221; uncode_shortcode_id=&#8221;457540&#8243; icon_color_type=&#8221;uncode-solid&#8221; icon_color_solid=&#8221;#d13838&#8243;]<\/p>\n<ul>\n<li><a href=\"https:\/\/www.mevzuat.gov.tr\/mevzuat?MevzuatNo=18335&amp;MevzuatTur=7&amp;MevzuatTertip=5\">Directive on the Protection of Workers from the Risks Related to Explosive Atmospheres (1999\/92\/EC)<\/a><\/li>\n<li><a href=\"https:\/\/www.resmigazete.gov.tr\/eskiler\/2016\/06\/20160630-13.htm\">Directive on Equipment and Protective Systems Intended for Use in Potentially Explosive Atmospheres (2014\/34\/EU)<\/a><\/li>\n<\/ul>\n<p>[\/uncode_list][\/vc_accordion_tab][vc_accordion_tab gutter_size=&#8221;2&#8243; column_padding=&#8221;2&#8243; title=&#8221;RELATED SERVICES AND TRAININGS&#8221; tab_id=&#8221;1636530814740-2-1&#8243;][uncode_index el_id=&#8221;index-599806386&#8243; index_type=&#8221;carousel&#8221; loop=&#8221;size:6|order_by:rand|post_type:page|by_id:87715,87660,87640,87714|taxonomy_count:10&#8243; carousel_lg=&#8221;4&#8243; carousel_md=&#8221;3&#8243; carousel_sm=&#8221;1&#8243; thumb_size=&#8221;one-one&#8221; gutter_size=&#8221;3&#8243; post_items=&#8221;media|featured|onpost|poster,title&#8221; page_items=&#8221;media|featured|onpost|original,title&#8221; carousel_height=&#8221;equal&#8221; carousel_interval=&#8221;3000&#8243; carousel_navspeed=&#8221;400&#8243; carousel_nav=&#8221;yes&#8221; carousel_dots=&#8221;yes&#8221; carousel_dots_space=&#8221;yes&#8221; carousel_dots_mobile=&#8221;yes&#8221; stage_padding=&#8221;0&#8243; single_text=&#8221;overlay&#8221; single_overlay_color=&#8221;color-wayh&#8221; single_overlay_coloration=&#8221;bottom_gradient&#8221; single_overlay_blend=&#8221;multiply&#8221; single_overlay_opacity=&#8221;64&#8243; single_overlay_visible=&#8221;yes&#8221; single_text_visible=&#8221;yes&#8221; single_text_anim=&#8221;no&#8221; single_image_magnetic=&#8221;yes&#8221; single_h_align=&#8221;center&#8221; single_v_position=&#8221;bottom&#8221; single_padding=&#8221;1&#8243; single_title_dimension=&#8221;h5&#8243; single_title_weight=&#8221;500&#8243; single_border=&#8221;yes&#8221; uncode_shortcode_id=&#8221;984159&#8243; order_ids=&#8221;87628,87613,87611,20528,87627,87616,87622,87621,87620,87625,87623,87618&#8243;][\/vc_accordion_tab][\/vc_accordion][\/vc_column][\/vc_row]<\/p>\n<\/div>","protected":false},"excerpt":{"rendered":"<p>[vc_row unlock_row_content=&#8221;yes&#8221; row_height_percent=&#8221;30&#8243; override_padding=&#8221;yes&#8221; h_padding=&#8221;0&#8243; top_padding=&#8221;0&#8243; bottom_padding=&#8221;0&#8243; overlay_alpha=&#8221;50&#8243; equal_height=&#8221;yes&#8221; gutter_size=&#8221;0&#8243; column_width_percent=&#8221;100&#8243; shift_y=&#8221;0&#8243; z_index=&#8221;0&#8243; uncode_shortcode_id=&#8221;172951&#8243;][vc_column column_width_percent=&#8221;100&#8243; gutter_size=&#8221;3&#8243; override_padding=&#8221;yes&#8221; column_padding=&#8221;4&#8243; back_image=&#8221;87849&#8243; overlay_alpha=&#8221;50&#8243; [&hellip;]<\/p>\n","protected":false},"author":1,"featured_media":87849,"parent":0,"menu_order":0,"comment_status":"closed","ping_status":"closed","template":"","meta":{"om_disable_all_campaigns":false,"_monsterinsights_skip_tracking":false,"_monsterinsights_sitenote_active":false,"_monsterinsights_sitenote_note":"","_monsterinsights_sitenote_category":0,"footnotes":""},"categories":[],"tags":[],"class_list":["post-92187","page","type-page","status-publish","has-post-thumbnail","hentry","page_category-atex-en"],"aioseo_notices":[],"_links":{"self":[{"href":"https:\/\/www.proscon.com.tr\/en\/wp-json\/wp\/v2\/pages\/92187","targetHints":{"allow":["GET"]}}],"collection":[{"href":"https:\/\/www.proscon.com.tr\/en\/wp-json\/wp\/v2\/pages"}],"about":[{"href":"https:\/\/www.proscon.com.tr\/en\/wp-json\/wp\/v2\/types\/page"}],"author":[{"embeddable":true,"href":"https:\/\/www.proscon.com.tr\/en\/wp-json\/wp\/v2\/users\/1"}],"replies":[{"embeddable":true,"href":"https:\/\/www.proscon.com.tr\/en\/wp-json\/wp\/v2\/comments?post=92187"}],"version-history":[{"count":0,"href":"https:\/\/www.proscon.com.tr\/en\/wp-json\/wp\/v2\/pages\/92187\/revisions"}],"wp:featuredmedia":[{"embeddable":true,"href":"https:\/\/www.proscon.com.tr\/en\/wp-json\/wp\/v2\/media\/87849"}],"wp:attachment":[{"href":"https:\/\/www.proscon.com.tr\/en\/wp-json\/wp\/v2\/media?parent=92187"}],"wp:term":[{"taxonomy":"category","embeddable":true,"href":"https:\/\/www.proscon.com.tr\/en\/wp-json\/wp\/v2\/categories?post=92187"},{"taxonomy":"post_tag","embeddable":true,"href":"https:\/\/www.proscon.com.tr\/en\/wp-json\/wp\/v2\/tags?post=92187"}],"curies":[{"name":"wp","href":"https:\/\/api.w.org\/{rel}","templated":true}]}}