{"id":92106,"date":"2018-04-24T07:29:56","date_gmt":"2018-04-24T04:29:56","guid":{"rendered":"http:\/\/www.proscon.com.tr\/?page_id=92106"},"modified":"2023-08-09T21:13:31","modified_gmt":"2023-08-09T18:13:31","slug":"process-hazard-analysis","status":"publish","type":"page","link":"https:\/\/www.proscon.com.tr\/en\/process-hazard-analysis\/","title":{"rendered":"Process Hazard Analysis"},"content":{"rendered":"<div class=\"wpb-content-wrapper\"><p>[vc_row row_height_percent=&#8221;43&#8243; back_image=&#8221;88312&#8243; overlay_alpha=&#8221;50&#8243; gutter_size=&#8221;3&#8243; column_width_percent=&#8221;100&#8243; shift_y=&#8221;0&#8243; z_index=&#8221;0&#8243; enable_bottom_divider=&#8221;default&#8221; bottom_divider=&#8221;gradient&#8221; shape_bottom_h_use_pixel=&#8221;&#8221; shape_bottom_height=&#8221;50&#8243; shape_bottom_opacity=&#8221;100&#8243; shape_bottom_index=&#8221;0&#8243; uncode_shortcode_id=&#8221;105406&#8243;][vc_column column_width_percent=&#8221;100&#8243; position_vertical=&#8221;middle&#8221; align_horizontal=&#8221;align_center&#8221; gutter_size=&#8221;3&#8243; overlay_alpha=&#8221;50&#8243; shift_x=&#8221;0&#8243; shift_y=&#8221;0&#8243; shift_y_down=&#8221;0&#8243; z_index=&#8221;0&#8243; medium_width=&#8221;0&#8243; mobile_width=&#8221;0&#8243; width=&#8221;1\/1&#8243; uncode_shortcode_id=&#8221;101726&#8243;][vc_custom_heading text_color=&#8221;color-prif&#8221; separator=&#8221;yes&#8221; separator_color=&#8221;yes&#8221; css_animation=&#8221;alpha-anim&#8221; animation_delay=&#8221;200&#8243; uncode_shortcode_id=&#8221;206763&#8243; text_color_type=&#8221;uncode-palette&#8221;]Process Hazard Analysis[\/vc_custom_heading][\/vc_column][\/vc_row][vc_section][vc_row row_height_percent=&#8221;0&#8243; overlay_alpha=&#8221;50&#8243; gutter_size=&#8221;2&#8243; column_width_percent=&#8221;100&#8243; shift_y=&#8221;0&#8243; z_index=&#8221;0&#8243; uncode_shortcode_id=&#8221;143763&#8243;][vc_column column_width_percent=&#8221;100&#8243; gutter_size=&#8221;1&#8243; overlay_alpha=&#8221;50&#8243; shift_x=&#8221;0&#8243; shift_y=&#8221;0&#8243; shift_y_down=&#8221;0&#8243; z_index=&#8221;0&#8243; medium_width=&#8221;0&#8243; mobile_width=&#8221;0&#8243; width=&#8221;2\/3&#8243;][vc_custom_heading text_size=&#8221;h3&#8243; text_weight=&#8221;600&#8243;]<\/p>\n<h1>Process Hazard Analysis<\/h1>\n<p>[\/vc_custom_heading][vc_empty_space empty_h=&#8221;1&#8243;][vc_column_text]<\/p>\n<p>ProSCon Engineering experts choose Process Hazard Analysis for your business with international <a href=\"http:\/\/www.proscon.com.tr\/proses-guvenligi-egitimleri-2\/\">trainings<\/a> and different sector experiences, determine the evaluation schedule according to the standards and lead the studies.<\/p>\n<p><em><strong><u>Process Hazard Analysis (PHA)<\/u><\/strong><\/em> is defined as the whole of systematic and organized studies to identify <strong>potential hazards<\/strong> in industrial processes. We perform process hazard analysis as a team with our project partners.<\/p>\n<p>We determine Process Hazards using one or more of the following analysis methods, depending on the design level of the process to be evaluated and on demand:<\/p>\n<ul>\n<li>PrHA <em>(Preliminary Hazard Analysis)<\/em><\/li>\n<li>HAZOP <em>(Hazard and Operability)<\/em><\/li>\n<li>What If Study, Sector \u2013 Based checklist studies,<\/li>\n<li>FMEA <em>(Failure Mode and Effects Analysis),<\/em><\/li>\n<li><a href=\"https:\/\/www.aiche.org\/ccps\/publications\/books\/layer-protection-analysis-simplified-process-risk-assessment\">LOPA<\/a><em>(Layer of Protection Analysis), SIL (Safety Integrity Level)<\/em><\/li>\n<li>SIL <em>(Safety Integrity Level)<\/em><\/li>\n<\/ul>\n<p>Many methods of analysis can be used to identify process hazards. Choosing the right method of analysis is also very important. At this point, <strong>we start the projects by applying the internationally accepted selection techniques and determining which analysis or analysis should be used in which order.<\/strong>[\/vc_column_text][vc_empty_space empty_h=&#8221;1&#8243;][vc_single_image media=&#8221;92282&#8243; media_width_percent=&#8221;100&#8243; uncode_shortcode_id=&#8221;141280&#8243;][vc_empty_space empty_h=&#8221;1&#8243;][vc_column_text]We aim to add value to process control as well as identifying process hazards of the facility we work with for Process Hazard Analysis.<\/p>\n<p>It should be noted that the efficiency of Process Hazard Analysis will become the direct efficiency of safety management and is of high importance in the sustainability of process safety in enterprises.[\/vc_column_text][vc_empty_space empty_h=&#8221;1&#8243;][vc_custom_heading text_size=&#8221;h3&#8243; text_weight=&#8221;600&#8243;]<\/p>\n<h2>HAZOP Study (Hazard and Operability Study)<\/h2>\n<p>[\/vc_custom_heading][vc_column_text]The most common use in the Process Hazard Analysis in the chemical sector is the HAZOP Study. HAZOP Study is a method performed in accordance with IEC 61882 standard and has been applied for many years in secure process designs and major changes. In this study, deviations from process conditions and binary variable method are examined and the adequacy of existing process control systems can be evaluated. In HAZOP Study, deviations from the process conditions are evaluated by creating scenarios with reasons and results and, if desired, can form a basis for semi-numerical and numerical evaluation methods.<\/p>\n<p>The most important plus of the <strong>HAZOP<\/strong> Study is that the results of the study systematically reveal the dangers and the problems of operability. The characteristic feature of HAZOP studies is to create a <u>multidisciplinary<\/u> team with the help of a leader and analyze them in sessions. <u>HAZOP<\/u> Study consists of 4 main stages according to IEC 61882 standard;<\/p>\n<ol>\n<li>Definitions<\/li>\n<li>Preparation<\/li>\n<li>Working<\/li>\n<li>Documentation and follow-up<\/li>\n<\/ol>\n<p>In the identification phase, the objectives and the team are determined by revealing the requirements of the project. The preparatory phase is the stage where the project schedule is established and the logistic elements are determined. In the working phase, the process to be carried out in HAZOP study is firstly broken into pieces and the work continues with NODE determination. Determined NODEs are subjected to binary variable method. Scenarios are created according to deviations of important parameters from process conditions and the adequacy of existing process control methods are analyzed.<\/p>\n<p>If the HAZOP Study is used for the substructure of a semi-numerical or numerical method, reference may be made to the method to be evaluated in part of the recommendations.[\/vc_column_text][vc_empty_space empty_h=&#8221;1&#8243;][vc_custom_heading text_size=&#8221;h3&#8243; text_weight=&#8221;600&#8243;]<\/p>\n<h2>Safety Integrity Level (SIL) Analysis<\/h2>\n<p>[\/vc_custom_heading][vc_empty_space empty_h=&#8221;1&#8243;][vc_column_text]<strong>Process hazard analysis<\/strong> performed in Process Safety studies helps us to map for safe process design. The output obtained in the process hazard analysis is described as Safety Instrumented Function (SIF). At this point, IEC 61508 and IEC 61511 standards allow us to determine the level of safety integrity within Functional Safety.[\/vc_column_text][vc_empty_space empty_h=&#8221;1&#8243;][vc_custom_heading heading_semantic=&#8221;h3&#8243; text_size=&#8221;h3&#8243; text_weight=&#8221;600&#8243;]<\/p>\n<h3>How can I determine the SIL level of my system with the required safety instrument?<\/h3>\n<p>[\/vc_custom_heading][vc_empty_space empty_h=&#8221;1&#8243;][vc_column_text]According to IEC 61508: part 5 and IEC 61511: part 3, the SIL requirement can be determined using the following methods.<\/p>\n<ul>\n<li>ALARP Method<\/li>\n<li>Risk Graph Method<\/li>\n<li>Risk Matrix Method<\/li>\n<li>Fault Tree Analysis (FTA)<\/li>\n<li>Layers of Protection Analysis (LOPA)<\/li>\n<\/ul>\n<p>[\/vc_column_text][vc_empty_space empty_h=&#8221;1&#8243;][vc_single_image media=&#8221;92284&#8243; media_width_percent=&#8221;58&#8243; alignment=&#8221;center&#8221; uncode_shortcode_id=&#8221;137621&#8243;][vc_empty_space empty_h=&#8221;1&#8243;][vc_column_text]Process hazard analysis is considered as the first phase in the Functional Safety Life Cycle. After the process hazard analysis, the safety integrity levels (SIL) of safety instrumented functions (SIF) can be determined using the methods specified in IEC 61508 and IEC 61511 standards for safe process design.[\/vc_column_text][vc_empty_space empty_h=&#8221;1&#8243;][vc_custom_heading text_size=&#8221;h3&#8243; text_weight=&#8221;600&#8243;]<\/p>\n<h3>&#8220;7&#8221; Essentials in Process Hazard Analysis<\/h3>\n<p>[\/vc_custom_heading][vc_empty_space empty_h=&#8221;1&#8243;][vc_custom_heading text_size=&#8221;h6&#8243;]<\/p>\n<ul>\n<li>Process Hazards<\/li>\n<li>Examination of previous incidents, accidents and near misses.<\/li>\n<li>Engineering and \/ or management measures related to danger.<\/li>\n<li>Failure results of engineering and \/ or management measures.<\/li>\n<li>Facility layout (placement of various risk elements within the facility)<\/li>\n<li>Human factors (including operator, maintenance, management)<\/li>\n<li>Quantitative evaluation of process safety events as a result of control errors.<\/li>\n<\/ul>\n<p>[\/vc_custom_heading][vc_empty_space empty_h=&#8221;1&#8243;][vc_icon position=&#8221;left&#8221; icon=&#8221;fa fa-magnifier&#8221; icon_color=&#8221;color-jevc&#8221; size=&#8221;fa-5x&#8221; heading_semantic=&#8221;p&#8221; text_size=&#8221;h5&#8243; text_weight=&#8221;400&#8243; title=&#8221;Our engineers carry out LOPA and SIL analyzes to determine the requirements and safety levels after the process hazard analysis.&#8221;][\/vc_icon][vc_icon position=&#8221;left&#8221; icon=&#8221;fa fa-clock2&#8243; icon_color=&#8221;color-165174&#8243; size=&#8221;fa-5x&#8221; text_weight=&#8221;900&#8243; title=&#8221;We keep the process hazard analysis time at an optimum level.&#8221;][\/vc_icon][\/vc_column][vc_column column_width_percent=&#8221;100&#8243; gutter_size=&#8221;2&#8243; back_image=&#8221;74486&#8243; back_position=&#8221;center center&#8221; parallax=&#8221;yes&#8221; overlay_color=&#8221;color-xsdn&#8221; overlay_alpha=&#8221;50&#8243; border_style=&#8221;solid&#8221; shift_x=&#8221;0&#8243; shift_y=&#8221;0&#8243; shift_y_down=&#8221;0&#8243; z_index=&#8221;0&#8243; medium_width=&#8221;0&#8243; mobile_width=&#8221;0&#8243; css_animation=&#8221;right-t-left&#8221; animation_speed=&#8221;1000&#8243; sticky=&#8221;yes&#8221; width=&#8221;1\/3&#8243; uncode_shortcode_id=&#8221;906911&#8243; overlay_color_type=&#8221;uncode-palette&#8221;][vc_icon position=&#8221;left&#8221; space_reduced=&#8221;yes&#8221; icon=&#8221;fa fa-industry&#8221; text_font=&#8221;font-156269&#8243; text_lead=&#8221;small&#8221; title=&#8221;Our Services&#8221; uncode_shortcode_id=&#8221;905526&#8243; icon_color_type=&#8221;uncode-solid&#8221; icon_color_solid=&#8221;#cc3333&#8243;][\/vc_icon][vc_progress_bar values=&#8221;%22%&#8221;][vc_widget_sidebar use_widget_style=&#8221;yes&#8221; sidebar_id=&#8221;sidebar-112841&#8243;][vc_empty_space empty_h=&#8221;2&#8243;][vc_icon position=&#8221;left&#8221; space_reduced=&#8221;yes&#8221; title_aligned_icon=&#8221;yes&#8221; icon=&#8221;fa fa-group&#8221; heading_semantic=&#8221;h4&#8243; text_font=&#8221;font-156269&#8243; title=&#8221;Our Trainings&#8221; uncode_shortcode_id=&#8221;143477&#8243; icon_color_type=&#8221;uncode-solid&#8221; icon_color_solid=&#8221;#cc3333&#8243;][\/vc_icon][vc_progress_bar values=&#8221;%22%&#8221;][uncode_index el_id=&#8221;index-119931&#8243; index_type=&#8221;carousel&#8221; loop=&#8221;size:All|order_by:date|post_type:page|by_id:87913,87715,87714,87713,87712,87711,87710,87708,87687,87682,87677,87672,87666,87660,87650,87640|taxonomy_count:10&#8243; carousel_lg=&#8221;1&#8243; carousel_md=&#8221;1&#8243; carousel_sm=&#8221;1&#8243; thumb_size=&#8221;sixteen-nine&#8221; gutter_size=&#8221;3&#8243; post_items=&#8221;media|featured|onpost|original,title&#8221; page_items=&#8221;title,media|featured|onpost|original&#8221; carousel_type=&#8221;fade&#8221; carousel_interval=&#8221;3000&#8243; carousel_navspeed=&#8221;200&#8243; carousel_loop=&#8221;yes&#8221; carousel_nav=&#8221;yes&#8221; stage_padding=&#8221;0&#8243; single_text=&#8221;overlay&#8221; single_shape=&#8221;round&#8221; radius=&#8221;std&#8221; single_overlay_color=&#8221;color-jevc&#8221; single_overlay_coloration=&#8221;bottom_gradient&#8221; single_overlay_opacity=&#8221;93&#8243; single_overlay_visible=&#8221;yes&#8221; single_overlay_anim=&#8221;no&#8221; single_text_visible=&#8221;yes&#8221; single_image_anim=&#8221;no&#8221; single_h_align=&#8221;center&#8221; single_v_position=&#8221;bottom&#8221; single_padding=&#8221;1&#8243; single_title_dimension=&#8221;h5&#8243; single_text_lead=&#8221;small&#8221; single_border=&#8221;yes&#8221; wpchatbot_bot_items=&#8221;title,type,media,text,category&#8221; uncode_shortcode_id=&#8221;410161&#8243;][vc_column_text text_lead=&#8221;small&#8221; text_color=&#8221;color-wayh&#8221; uncode_shortcode_id=&#8221;163413&#8243; text_color_type=&#8221;uncode-palette&#8221; css=&#8221;.vc_custom_1651931526780{padding-top: -10px !important;}&#8221;]<\/p>\n<p style=\"text-align: right;\"><a href=\"https:\/\/www.proscon.com.tr\/egitimler\/\">All Trainings &gt;&gt;<\/a><\/p>\n<p>[\/vc_column_text][vc_column_text][\/vc_column_text][vc_empty_space empty_h=&#8221;2&#8243;][vc_icon position=&#8221;left&#8221; space_reduced=&#8221;yes&#8221; icon=&#8221;fa fa-youtube-play&#8221; heading_semantic=&#8221;h4&#8243; text_font=&#8221;font-156269&#8243; linked_title=&#8221;yes&#8221; text_lead=&#8221;small&#8221; title=&#8221;YouTube&#8221; uncode_shortcode_id=&#8221;447817&#8243; icon_color_type=&#8221;uncode-solid&#8221; icon_color_solid=&#8221;#cc3333&#8243; link=&#8221;url:https%3A%2F%2Fwww.youtube.com%2Fchannel%2FUClRKYtlONHCc5xD0iJoZDpg&#8221;][\/vc_icon][vc_progress_bar values=&#8221;%22%&#8221;][vc_column_text uncode_shortcode_id=&#8221;149399&#8243;]<div class=\"epyt-gallery\" data-currpage=\"1\" id=\"epyt_gallery_94652\"><div class=\"epyt-video-wrapper\"><iframe  id=\"_ytid_78192\"  width=\"840\" height=\"472\"  data-origwidth=\"840\" data-origheight=\"472\" src=\"https:\/\/www.youtube.com\/embed\/ghBmDaoCaGk?enablejsapi=1&autoplay=0&cc_load_policy=0&cc_lang_pref=&iv_load_policy=1&loop=0&rel=1&fs=1&playsinline=0&autohide=2&theme=dark&color=red&controls=1&disablekb=0&\" class=\"__youtube_prefs__  no-lazyload\" title=\"YouTube player\"  data-epytgalleryid=\"epyt_gallery_94652\"  allow=\"fullscreen; accelerometer; autoplay; clipboard-write; encrypted-media; gyroscope; picture-in-picture; web-share\" referrerpolicy=\"strict-origin-when-cross-origin\" allowfullscreen data-no-lazy=\"1\" data-skipgform_ajax_framebjll=\"\"><\/iframe><\/div><div class=\"epyt-gallery-subscribe\"><a target=\"_blank\" class=\"epyt-gallery-subbutton\" href=\"https:\/\/www.youtube.com\/channel\/UClRKYtlONHCc5xD0iJoZDpg?sub_confirmation=1\"><img decoding=\"async\" alt=\"subscribe\" src=\"https:\/\/www.proscon.com.tr\/wp-content\/plugins\/youtube-embed-plus\/images\/play-subscribe.png\" \/>Takipte Kal\u0131n<\/a><\/div><div class=\"epyt-gallery-list\"><div class=\"epyt-pagination epyt-hide-pagination\"><div tabindex=\"0\" role=\"button\" class=\"epyt-pagebutton epyt-prev  hide \" data-playlistid=\"PLPeOYd_lkDhBim7AoiZ8KrFUloWyZT71E\" data-pagesize=\"3\" data-pagetoken=\"\" data-epcolumns=\"3\" data-showtitle=\"1\" data-showpaging=\"0\" data-autonext=\"0\" data-thumbplay=\"1\"><div class=\"epyt-arrow\">&laquo;<\/div> <div>\u00d6nceki<\/div><\/div><div class=\"epyt-pagenumbers \"><div class=\"epyt-current\">1<\/div><div class=\"epyt-pageseparator\"> \/ <\/div><div class=\"epyt-totalpages\">7<\/div><\/div><div tabindex=\"0\" role=\"button\" class=\"epyt-pagebutton epyt-next\" data-playlistid=\"PLPeOYd_lkDhBim7AoiZ8KrFUloWyZT71E\" data-pagesize=\"3\" data-pagetoken=\"EAAaHlBUOkNBTWlFRFV6T1RaQk1ERXhPVE0wT1Rnd09FVQ\" data-epcolumns=\"3\" data-showtitle=\"1\" data-showpaging=\"0\" data-autonext=\"0\" data-thumbplay=\"1\"><div>Sonraki<\/div> <div class=\"epyt-arrow\">&raquo;<\/div><\/div><div class=\"epyt-loader\"><img decoding=\"async\" alt=\"loading\" width=\"16\" height=\"11\" src=\"https:\/\/www.proscon.com.tr\/wp-content\/plugins\/youtube-embed-plus\/images\/gallery-page-loader.gif\"><\/div><\/div><div class=\"epyt-gallery-allthumbs  epyt-cols-3 \"><div tabindex=\"0\" role=\"button\" data-videoid=\"ghBmDaoCaGk\" class=\"epyt-gallery-thumb\"><div class=\"epyt-gallery-img-box\"><div class=\"epyt-gallery-img\" style=\"background-image: url(https:\/\/i.ytimg.com\/vi\/ghBmDaoCaGk\/hqdefault.jpg)\"><div class=\"epyt-gallery-playhover\"><img decoding=\"async\" alt=\"play\" class=\"epyt-play-img\" width=\"30\" height=\"23\" src=\"https:\/\/www.proscon.com.tr\/wp-content\/plugins\/youtube-embed-plus\/images\/playhover.png\" data-no-lazy=\"1\" data-skipgform_ajax_framebjll=\"\" \/><div class=\"epyt-gallery-playcrutch\"><\/div><\/div><\/div><\/div><div class=\"epyt-gallery-title\">Proses G\u00fcvenli\u011finde \u0130nsan Hatalar\u0131<\/div><\/div><div tabindex=\"0\" role=\"button\" data-videoid=\"tH2FamH52BQ\" class=\"epyt-gallery-thumb\"><div class=\"epyt-gallery-img-box\"><div class=\"epyt-gallery-img\" style=\"background-image: url(https:\/\/i.ytimg.com\/vi\/tH2FamH52BQ\/hqdefault.jpg)\"><div class=\"epyt-gallery-playhover\"><img decoding=\"async\" alt=\"play\" class=\"epyt-play-img\" width=\"30\" height=\"23\" src=\"https:\/\/www.proscon.com.tr\/wp-content\/plugins\/youtube-embed-plus\/images\/playhover.png\" data-no-lazy=\"1\" data-skipgform_ajax_framebjll=\"\" \/><div class=\"epyt-gallery-playcrutch\"><\/div><\/div><\/div><\/div><div class=\"epyt-gallery-title\">Ba\u015flat\u0131c\u0131 Olay m\u0131, K\u00f6k Sebep mi ?<\/div><\/div><div tabindex=\"0\" role=\"button\" data-videoid=\"gT7ab-NLaAE\" class=\"epyt-gallery-thumb\"><div class=\"epyt-gallery-img-box\"><div class=\"epyt-gallery-img\" style=\"background-image: url(https:\/\/i.ytimg.com\/vi\/gT7ab-NLaAE\/hqdefault.jpg)\"><div class=\"epyt-gallery-playhover\"><img decoding=\"async\" alt=\"play\" class=\"epyt-play-img\" width=\"30\" height=\"23\" src=\"https:\/\/www.proscon.com.tr\/wp-content\/plugins\/youtube-embed-plus\/images\/playhover.png\" data-no-lazy=\"1\" data-skipgform_ajax_framebjll=\"\" \/><div class=\"epyt-gallery-playcrutch\"><\/div><\/div><\/div><\/div><div class=\"epyt-gallery-title\">\u0130statistikler Ne Anlat\u0131yor ?<\/div><\/div><div class=\"epyt-gallery-rowbreak\"><\/div><div class=\"epyt-gallery-clear\"><\/div><\/div><div class=\"epyt-pagination epyt-hide-pagination\"><div tabindex=\"0\" role=\"button\" class=\"epyt-pagebutton epyt-prev  hide \" data-playlistid=\"PLPeOYd_lkDhBim7AoiZ8KrFUloWyZT71E\" data-pagesize=\"3\" data-pagetoken=\"\" data-epcolumns=\"3\" data-showtitle=\"1\" data-showpaging=\"0\" data-autonext=\"0\" data-thumbplay=\"1\"><div class=\"epyt-arrow\">&laquo;<\/div> <div>\u00d6nceki<\/div><\/div><div class=\"epyt-pagenumbers \"><div class=\"epyt-current\">1<\/div><div class=\"epyt-pageseparator\"> \/ <\/div><div class=\"epyt-totalpages\">7<\/div><\/div><div tabindex=\"0\" role=\"button\" class=\"epyt-pagebutton epyt-next\" data-playlistid=\"PLPeOYd_lkDhBim7AoiZ8KrFUloWyZT71E\" data-pagesize=\"3\" data-pagetoken=\"EAAaHlBUOkNBTWlFRFV6T1RaQk1ERXhPVE0wT1Rnd09FVQ\" data-epcolumns=\"3\" data-showtitle=\"1\" data-showpaging=\"0\" data-autonext=\"0\" data-thumbplay=\"1\"><div>Sonraki<\/div> <div class=\"epyt-arrow\">&raquo;<\/div><\/div><div class=\"epyt-loader\"><img decoding=\"async\" alt=\"loading\" width=\"16\" height=\"11\" src=\"https:\/\/www.proscon.com.tr\/wp-content\/plugins\/youtube-embed-plus\/images\/gallery-page-loader.gif\"><\/div><\/div><\/div><\/div>[\/vc_column_text][vc_icon position=&#8221;left&#8221; space_reduced=&#8221;yes&#8221; icon=&#8221;fa fa-book&#8221; heading_semantic=&#8221;h4&#8243; text_font=&#8221;font-156269&#8243; linked_title=&#8221;yes&#8221; text_lead=&#8221;small&#8221; title=&#8221;Related Articles&#8221; uncode_shortcode_id=&#8221;981694&#8243; icon_color_type=&#8221;uncode-solid&#8221; icon_color_solid=&#8221;#cc3333&#8243; link=&#8221;url:https%3A%2F%2Fwww.youtube.com%2Fchannel%2FUClRKYtlONHCc5xD0iJoZDpg&#8221;][\/vc_icon][vc_progress_bar values=&#8221;%22%&#8221;][vc_column_text uncode_shortcode_id=&#8221;174453&#8243;]<\/p>\n<ul>\n<li><a href=\"http:\/\/www.proscon.com.tr\/tehlikeli-bolgelerde-gorsel-muayenenin-onemi\/\" target=\"_blank\" rel=\"noopener noreferrer\">Importance of Visual Inspection in Hazardous Areas<\/a><\/li>\n<li><a href=\"http:\/\/www.proscon.com.tr\/yangin-ve-gaz-sistemlerinin-guvenlik-butunluk-seviyeleri-ve-tesis-guvenilirlik-hedefine-etkileri\/\" target=\"_blank\" rel=\"noopener noreferrer\">Safety Integrity Levels of Fire and Gas Systems and their Impact on Plant Reliability Objective<\/a><\/li>\n<li><a href=\"http:\/\/www.proscon.com.tr\/toz-patlamalari\/\" target=\"_blank\" rel=\"noopener noreferrer\">Dust Explosions<\/a><\/li>\n<li><a href=\"http:\/\/www.proscon.com.tr\/statik-elektrik-endustrinin-gizli-tehlikesi-2\/\" target=\"_blank\" rel=\"noopener noreferrer\">Static Electricity: Industry&#8217;s Hidden Danger<\/a><\/li>\n<li><a href=\"http:\/\/www.proscon.com.tr\/endustriyel-tesislerde-alevlenebilir-patlayici-ortamlarin-kontrolu-ve-kriz-yonetimi\/\" target=\"_blank\" rel=\"noopener noreferrer\">Control of Flammable \/ Explosive Atmospheres in Industrial Facilities and Crisis Management<\/a><\/li>\n<\/ul>\n<p>[\/vc_column_text][\/vc_column][\/vc_row][vc_row row_height_percent=&#8221;2&#8243; back_color=&#8221;color-165174&#8243; overlay_alpha=&#8221;10&#8243; gutter_size=&#8221;3&#8243; column_width_percent=&#8221;100&#8243; shift_y=&#8221;0&#8243; z_index=&#8221;0&#8243;][vc_column column_width_percent=&#8221;100&#8243; position_vertical=&#8221;middle&#8221; gutter_size=&#8221;3&#8243; overlay_alpha=&#8221;50&#8243; shift_x=&#8221;0&#8243; shift_y=&#8221;0&#8243; shift_y_down=&#8221;0&#8243; z_index=&#8221;0&#8243; medium_width=&#8221;0&#8243; mobile_width=&#8221;0&#8243; width=&#8221;1\/2&#8243;][vc_custom_heading text_color=&#8221;color-xsdn&#8221; text_font=&#8221;font-199485&#8243; text_weight=&#8221;600&#8243; css_animation=&#8221;left-t-right&#8221; animation_speed=&#8221;1000&#8243; animation_delay=&#8221;100&#8243;]Process Hazard Analysis<\/p>\n<p>[\/vc_custom_heading][\/vc_column][vc_column column_width_percent=&#8221;100&#8243; position_vertical=&#8221;middle&#8221; align_horizontal=&#8221;align_center&#8221; gutter_size=&#8221;3&#8243; style=&#8221;dark&#8221; overlay_alpha=&#8221;50&#8243; shift_x=&#8221;0&#8243; shift_y=&#8221;0&#8243; shift_y_down=&#8221;0&#8243; z_index=&#8221;0&#8243; medium_width=&#8221;0&#8243; mobile_width=&#8221;0&#8243; width=&#8221;1\/2&#8243;][vc_custom_heading text_color=&#8221;color-xsdn&#8221; text_font=&#8221;font-199485&#8243; text_size=&#8221;h6&#8243; text_weight=&#8221;400&#8243; text_space=&#8221;fontspace-210350&#8243; text_italic=&#8221;yes&#8221; css_animation=&#8221;right-t-left&#8221; animation_speed=&#8221;1000&#8243; animation_delay=&#8221;100&#8243;]<\/p>\n<ul>\n<li>&#8220;It is possible for you to work with reliable and high-availability systems through a Process Hazard Analysis tailored to your business.&#8221;<\/li>\n<\/ul>\n<p>[\/vc_custom_heading][\/vc_column][\/vc_row][\/vc_section]<\/p>\n<\/div>","protected":false},"excerpt":{"rendered":"<p>[vc_row row_height_percent=&#8221;43&#8243; back_image=&#8221;88312&#8243; overlay_alpha=&#8221;50&#8243; gutter_size=&#8221;3&#8243; column_width_percent=&#8221;100&#8243; shift_y=&#8221;0&#8243; z_index=&#8221;0&#8243; enable_bottom_divider=&#8221;default&#8221; bottom_divider=&#8221;gradient&#8221; shape_bottom_h_use_pixel=&#8221;&#8221; shape_bottom_height=&#8221;50&#8243; shape_bottom_opacity=&#8221;100&#8243; shape_bottom_index=&#8221;0&#8243; uncode_shortcode_id=&#8221;105406&#8243;][vc_column column_width_percent=&#8221;100&#8243; position_vertical=&#8221;middle&#8221; align_horizontal=&#8221;align_center&#8221; gutter_size=&#8221;3&#8243; overlay_alpha=&#8221;50&#8243; [&hellip;]<\/p>\n","protected":false},"author":1,"featured_media":88137,"parent":0,"menu_order":0,"comment_status":"closed","ping_status":"closed","template":"","meta":{"om_disable_all_campaigns":false,"_monsterinsights_skip_tracking":false,"_monsterinsights_sitenote_active":false,"_monsterinsights_sitenote_note":"","_monsterinsights_sitenote_category":0,"footnotes":""},"categories":[],"tags":[],"class_list":["post-92106","page","type-page","status-publish","has-post-thumbnail","hentry","page_category-process-hazard-analysis"],"aioseo_notices":[],"_links":{"self":[{"href":"https:\/\/www.proscon.com.tr\/en\/wp-json\/wp\/v2\/pages\/92106","targetHints":{"allow":["GET"]}}],"collection":[{"href":"https:\/\/www.proscon.com.tr\/en\/wp-json\/wp\/v2\/pages"}],"about":[{"href":"https:\/\/www.proscon.com.tr\/en\/wp-json\/wp\/v2\/types\/page"}],"author":[{"embeddable":true,"href":"https:\/\/www.proscon.com.tr\/en\/wp-json\/wp\/v2\/users\/1"}],"replies":[{"embeddable":true,"href":"https:\/\/www.proscon.com.tr\/en\/wp-json\/wp\/v2\/comments?post=92106"}],"version-history":[{"count":0,"href":"https:\/\/www.proscon.com.tr\/en\/wp-json\/wp\/v2\/pages\/92106\/revisions"}],"wp:featuredmedia":[{"embeddable":true,"href":"https:\/\/www.proscon.com.tr\/en\/wp-json\/wp\/v2\/media\/88137"}],"wp:attachment":[{"href":"https:\/\/www.proscon.com.tr\/en\/wp-json\/wp\/v2\/media?parent=92106"}],"wp:term":[{"taxonomy":"category","embeddable":true,"href":"https:\/\/www.proscon.com.tr\/en\/wp-json\/wp\/v2\/categories?post=92106"},{"taxonomy":"post_tag","embeddable":true,"href":"https:\/\/www.proscon.com.tr\/en\/wp-json\/wp\/v2\/tags?post=92106"}],"curies":[{"name":"wp","href":"https:\/\/api.w.org\/{rel}","templated":true}]}}